{"id":19,"date":"2019-12-16T23:52:44","date_gmt":"2019-12-16T23:52:44","guid":{"rendered":"http:\/\/global-purely.com\/?page_id=19"},"modified":"2020-01-07T21:53:57","modified_gmt":"2020-01-07T20:53:57","slug":"accueil","status":"publish","type":"page","link":"https:\/\/global-purely.com\/fr\/","title":{"rendered":"Accueil"},"content":{"rendered":"<div data-elementor-type=\"wp-page\" data-elementor-id=\"19\" class=\"elementor elementor-19\">\n\t\t\t\t\t\t<section class=\"elementor-section elementor-top-section elementor-element elementor-element-50819215 elementor-section-boxed elementor-section-height-default elementor-section-height-default\" data-id=\"50819215\" data-element_type=\"section\" data-e-type=\"section\">\n\t\t\t\t\t\t<div class=\"elementor-container elementor-column-gap-default\">\n\t\t\t\t\t<div class=\"elementor-column elementor-col-100 elementor-top-column elementor-element elementor-element-255e8e5d\" data-id=\"255e8e5d\" data-element_type=\"column\" data-e-type=\"column\">\n\t\t\t<div class=\"elementor-widget-wrap elementor-element-populated\">\n\t\t\t\t\t\t<div class=\"elementor-element elementor-element-1a25345b elementor-widget elementor-widget-text-editor\" data-id=\"1a25345b\" data-element_type=\"widget\" data-e-type=\"widget\" data-widget_type=\"text-editor.default\">\n\t\t\t\t<div class=\"elementor-widget-container\">\n\t\t\t\t\t\t\t\t\t<div class=\"col-md-5\"><h3>\u00e0 propos<\/h3><h6>Bas\u00e9 au Maroc, Purely est une marque d\u00e9pos\u00e9 par Target Way sarl. Nous travaillons principalement dans l'export des fruits, l\u00e9gumes, huile d'olive ... depuis tout le Maroc.<\/h6><h6>Nous avons une forte relation avec les agriculteurs locaux de a r\u00e9gion, ce qui nous permet d'offrir une large gamme de produits et solutions.<\/h6><h6>Orient\u00e9 export, notre but principale est d'offrir une qualit\u00e9 irr\u00e9prochable pour r\u00e9pondre \u00e0 la demande de nos clients dans des d\u00e9lais court.<\/h6><p><\/p><\/div><p class=\"col-md-6 col-md-offset-1\" style=\"text-align: left;\"><img decoding=\"async\" src=\"http:\/\/global-purely.com\/wp-content\/uploads\/2019\/12\/Purely3v5-300x154.png\" alt=\"\" width=\"150\" height=\"77\" class=\"wp-image-10 alignnone\" srcset=\"https:\/\/global-purely.com\/wp-content\/uploads\/2019\/12\/Purely3v5-300x154.png 300w, https:\/\/global-purely.com\/wp-content\/uploads\/2019\/12\/Purely3v5-600x309.png 600w, https:\/\/global-purely.com\/wp-content\/uploads\/2019\/12\/Purely3v5-1024x527.png 1024w, https:\/\/global-purely.com\/wp-content\/uploads\/2019\/12\/Purely3v5-768x395.png 768w, https:\/\/global-purely.com\/wp-content\/uploads\/2019\/12\/Purely3v5-1536x790.png 1536w, https:\/\/global-purely.com\/wp-content\/uploads\/2019\/12\/Purely3v5-2048x1054.png 2048w\" sizes=\"(max-width: 150px) 100vw, 150px\" \/><img decoding=\"async\" src=\"http:\/\/global-purely.com\/wp-content\/uploads\/2020\/01\/kisspng-customer-satisfaction-customer-service-guarantee-s-5af9b6090f6916.6707481815263145050631-150x150.png\" alt=\"\" width=\"150\" height=\"150\" class=\"alignnone wp-image-221 size-thumbnail\" srcset=\"https:\/\/global-purely.com\/wp-content\/uploads\/2020\/01\/kisspng-customer-satisfaction-customer-service-guarantee-s-5af9b6090f6916.6707481815263145050631-150x150.png 150w, https:\/\/global-purely.com\/wp-content\/uploads\/2020\/01\/kisspng-customer-satisfaction-customer-service-guarantee-s-5af9b6090f6916.6707481815263145050631-300x300.png 300w, https:\/\/global-purely.com\/wp-content\/uploads\/2020\/01\/kisspng-customer-satisfaction-customer-service-guarantee-s-5af9b6090f6916.6707481815263145050631-768x768.png 768w, https:\/\/global-purely.com\/wp-content\/uploads\/2020\/01\/kisspng-customer-satisfaction-customer-service-guarantee-s-5af9b6090f6916.6707481815263145050631-600x600.png 600w, https:\/\/global-purely.com\/wp-content\/uploads\/2020\/01\/kisspng-customer-satisfaction-customer-service-guarantee-s-5af9b6090f6916.6707481815263145050631-160x160.png 160w, https:\/\/global-purely.com\/wp-content\/uploads\/2020\/01\/kisspng-customer-satisfaction-customer-service-guarantee-s-5af9b6090f6916.6707481815263145050631.png 800w\" sizes=\"(max-width: 150px) 100vw, 150px\" \/><\/p>\t\t\t\t\t\t\t\t<\/div>\n\t\t\t\t<\/div>\n\t\t\t\t\t<\/div>\n\t\t<\/div>\n\t\t\t\t\t<\/div>\n\t\t<\/section>\n\t\t\t\t<\/div>","protected":false},"excerpt":{"rendered":"<p>About us Located in Morocco, Purely is a registered label managed by Target Way sarl. Our main business is to export fruits, vegetables, olive oil&#8230; from all over Morocco. We have a very strong partnership with farmers in the region, which make it possible to offer a wide range of [&hellip;]<\/p>\n","protected":false},"author":1,"featured_media":59,"parent":0,"menu_order":0,"comment_status":"closed","ping_status":"closed","template":"","meta":{"footnotes":""},"class_list":["post-19","page","type-page","status-publish","has-post-thumbnail","hentry"],"_links":{"self":[{"href":"https:\/\/global-purely.com\/fr\/wp-json\/wp\/v2\/pages\/19","targetHints":{"allow":["GET"]}}],"collection":[{"href":"https:\/\/global-purely.com\/fr\/wp-json\/wp\/v2\/pages"}],"about":[{"href":"https:\/\/global-purely.com\/fr\/wp-json\/wp\/v2\/types\/page"}],"author":[{"embeddable":true,"href":"https:\/\/global-purely.com\/fr\/wp-json\/wp\/v2\/users\/1"}],"replies":[{"embeddable":true,"href":"https:\/\/global-purely.com\/fr\/wp-json\/wp\/v2\/comments?post=19"}],"version-history":[{"count":17,"href":"https:\/\/global-purely.com\/fr\/wp-json\/wp\/v2\/pages\/19\/revisions"}],"predecessor-version":[{"id":244,"href":"https:\/\/global-purely.com\/fr\/wp-json\/wp\/v2\/pages\/19\/revisions\/244"}],"wp:featuredmedia":[{"embeddable":true,"href":"https:\/\/global-purely.com\/fr\/wp-json\/wp\/v2\/media\/59"}],"wp:attachment":[{"href":"https:\/\/global-purely.com\/fr\/wp-json\/wp\/v2\/media?parent=19"}],"curies":[{"name":"wp","href":"https:\/\/api.w.org\/{rel}","templated":true}]}}